{"id":57,"date":"2017-05-31T22:32:48","date_gmt":"2017-05-31T18:32:48","guid":{"rendered":"http:\/\/aubergeduvolcan.re\/?page_id=57"},"modified":"2017-06-24T19:46:43","modified_gmt":"2017-06-24T15:46:43","slug":"chambres","status":"publish","type":"page","link":"https:\/\/aubergeduvolcan.re\/?page_id=57","title":{"rendered":"Chambres"},"content":{"rendered":"<p>Am\u00e9nagement des chambres \/ <em>Room facilities<\/em><\/p>\n<p>Nos chambres sont chauff\u00e9es en hiver. Un lit suppl\u00e9mentaire ou un berceau sont diponibles sur simple demande.<\/p>\n<p><em>All rooms are heated up in winter. Extra bed and cradle are available on request.<\/em><\/p>\n<p>Tarifs des chambres \/ Room &amp; prices :<\/p>\n<p>Chambre simple \/ <em>single room :<\/em> 35 \u20ac<\/p>\n<p>Chambre double \/ <em>double : <\/em>48 \u20ac<\/p>\n<p>Chambre triple \/ <em>tripple<\/em> : 58 \u20ac<\/p>\n<p>Petit d\u00e9jeun\u00e9 \/<em> breakfast<\/em> : 6 \u20ac<\/p>\n<p><img loading=\"lazy\" class=\"alignnone size-full wp-image-82\" src=\"http:\/\/aubergeduvolcan.re\/wp-content\/uploads\/2017\/05\/PMRII.bmp\" alt=\"\" width=\"114\" height=\"117\" \/><\/p>\n","protected":false},"excerpt":{"rendered":"<p>Am\u00e9nagement des chambres \/ Room facilities Nos chambres sont chauff\u00e9es en hiver. Un lit suppl\u00e9mentaire ou un berceau sont diponibles sur simple demande. All rooms are heated up in winter. Extra bed and cradle are available on request. Tarifs des chambres \/ Room &amp; prices : Chambre simple \/ single room : 35 \u20ac Chambre &hellip; <\/p>\n<p class=\"link-more\"><a href=\"https:\/\/aubergeduvolcan.re\/?page_id=57\" class=\"more-link\">Continuer la lecture<span class=\"screen-reader-text\"> de &laquo;&nbsp;Chambres&nbsp;&raquo;<\/span><\/a><\/p>\n","protected":false},"author":1,"featured_media":105,"parent":0,"menu_order":0,"comment_status":"closed","ping_status":"closed","template":"","meta":[],"yoast_head":"<!-- This site is optimized with the Yoast SEO plugin v18.9 - https:\/\/yoast.com\/wordpress\/plugins\/seo\/ -->\n<title>Chambres - Auberge du volcan<\/title>\n<meta name=\"robots\" content=\"index, follow, max-snippet:-1, max-image-preview:large, max-video-preview:-1\" \/>\n<link rel=\"canonical\" href=\"https:\/\/aubergeduvolcan.re\/?page_id=57\" \/>\n<meta property=\"og:locale\" content=\"fr_FR\" \/>\n<meta property=\"og:type\" content=\"article\" \/>\n<meta property=\"og:title\" content=\"Chambres - Auberge du volcan\" \/>\n<meta property=\"og:description\" content=\"Am\u00e9nagement des chambres \/ Room facilities Nos chambres sont chauff\u00e9es en hiver. Un lit suppl\u00e9mentaire ou un berceau sont diponibles sur simple demande. All rooms are heated up in winter. Extra bed and cradle are available on request. Tarifs des chambres \/ Room &amp; prices : Chambre simple \/ single room : 35 \u20ac Chambre &hellip; Continuer la lecture de &laquo;&nbsp;Chambres&nbsp;&raquo;\" \/>\n<meta property=\"og:url\" content=\"https:\/\/aubergeduvolcan.re\/?page_id=57\" \/>\n<meta property=\"og:site_name\" content=\"Auberge du volcan\" \/>\n<meta property=\"article:modified_time\" content=\"2017-06-24T15:46:43+00:00\" \/>\n<meta property=\"og:image\" content=\"https:\/\/aubergeduvolcan.re\/wp-content\/uploads\/2017\/05\/chambre-1-final.jpg\" \/>\n\t<meta property=\"og:image:width\" content=\"563\" \/>\n\t<meta property=\"og:image:height\" content=\"354\" \/>\n\t<meta property=\"og:image:type\" content=\"image\/jpeg\" \/>\n<meta name=\"twitter:card\" content=\"summary_large_image\" \/>\n<script type=\"application\/ld+json\" class=\"yoast-schema-graph\">{\"@context\":\"https:\/\/schema.org\",\"@graph\":[{\"@type\":\"WebSite\",\"@id\":\"https:\/\/aubergeduvolcan.re\/#website\",\"url\":\"https:\/\/aubergeduvolcan.re\/\",\"name\":\"Auberge du volcan\",\"description\":\"Bienvenue sur le site de l&#039;Auberge du Volcan - H\u00f4tel-Bar Restaurant \u00e0 l&#039;\u00eele de la R\u00e9union\",\"potentialAction\":[{\"@type\":\"SearchAction\",\"target\":{\"@type\":\"EntryPoint\",\"urlTemplate\":\"https:\/\/aubergeduvolcan.re\/?s={search_term_string}\"},\"query-input\":\"required name=search_term_string\"}],\"inLanguage\":\"fr-FR\"},{\"@type\":\"ImageObject\",\"inLanguage\":\"fr-FR\",\"@id\":\"https:\/\/aubergeduvolcan.re\/?page_id=57#primaryimage\",\"url\":\"https:\/\/aubergeduvolcan.re\/wp-content\/uploads\/2017\/05\/chambre-1-final.jpg\",\"contentUrl\":\"https:\/\/aubergeduvolcan.re\/wp-content\/uploads\/2017\/05\/chambre-1-final.jpg\",\"width\":563,\"height\":354},{\"@type\":\"WebPage\",\"@id\":\"https:\/\/aubergeduvolcan.re\/?page_id=57#webpage\",\"url\":\"https:\/\/aubergeduvolcan.re\/?page_id=57\",\"name\":\"Chambres - Auberge du volcan\",\"isPartOf\":{\"@id\":\"https:\/\/aubergeduvolcan.re\/#website\"},\"primaryImageOfPage\":{\"@id\":\"https:\/\/aubergeduvolcan.re\/?page_id=57#primaryimage\"},\"datePublished\":\"2017-05-31T18:32:48+00:00\",\"dateModified\":\"2017-06-24T15:46:43+00:00\",\"breadcrumb\":{\"@id\":\"https:\/\/aubergeduvolcan.re\/?page_id=57#breadcrumb\"},\"inLanguage\":\"fr-FR\",\"potentialAction\":[{\"@type\":\"ReadAction\",\"target\":[\"https:\/\/aubergeduvolcan.re\/?page_id=57\"]}]},{\"@type\":\"BreadcrumbList\",\"@id\":\"https:\/\/aubergeduvolcan.re\/?page_id=57#breadcrumb\",\"itemListElement\":[{\"@type\":\"ListItem\",\"position\":1,\"name\":\"Accueil\",\"item\":\"https:\/\/aubergeduvolcan.re\/\"},{\"@type\":\"ListItem\",\"position\":2,\"name\":\"Chambres\"}]}]}<\/script>\n<!-- \/ Yoast SEO plugin. -->","yoast_head_json":{"title":"Chambres - Auberge du volcan","robots":{"index":"index","follow":"follow","max-snippet":"max-snippet:-1","max-image-preview":"max-image-preview:large","max-video-preview":"max-video-preview:-1"},"canonical":"https:\/\/aubergeduvolcan.re\/?page_id=57","og_locale":"fr_FR","og_type":"article","og_title":"Chambres - Auberge du volcan","og_description":"Am\u00e9nagement des chambres \/ Room facilities Nos chambres sont chauff\u00e9es en hiver. Un lit suppl\u00e9mentaire ou un berceau sont diponibles sur simple demande. All rooms are heated up in winter. Extra bed and cradle are available on request. Tarifs des chambres \/ Room &amp; prices : Chambre simple \/ single room : 35 \u20ac Chambre &hellip; Continuer la lecture de &laquo;&nbsp;Chambres&nbsp;&raquo;","og_url":"https:\/\/aubergeduvolcan.re\/?page_id=57","og_site_name":"Auberge du volcan","article_modified_time":"2017-06-24T15:46:43+00:00","og_image":[{"width":563,"height":354,"url":"https:\/\/aubergeduvolcan.re\/wp-content\/uploads\/2017\/05\/chambre-1-final.jpg","type":"image\/jpeg"}],"twitter_card":"summary_large_image","schema":{"@context":"https:\/\/schema.org","@graph":[{"@type":"WebSite","@id":"https:\/\/aubergeduvolcan.re\/#website","url":"https:\/\/aubergeduvolcan.re\/","name":"Auberge du volcan","description":"Bienvenue sur le site de l&#039;Auberge du Volcan - H\u00f4tel-Bar Restaurant \u00e0 l&#039;\u00eele de la R\u00e9union","potentialAction":[{"@type":"SearchAction","target":{"@type":"EntryPoint","urlTemplate":"https:\/\/aubergeduvolcan.re\/?s={search_term_string}"},"query-input":"required name=search_term_string"}],"inLanguage":"fr-FR"},{"@type":"ImageObject","inLanguage":"fr-FR","@id":"https:\/\/aubergeduvolcan.re\/?page_id=57#primaryimage","url":"https:\/\/aubergeduvolcan.re\/wp-content\/uploads\/2017\/05\/chambre-1-final.jpg","contentUrl":"https:\/\/aubergeduvolcan.re\/wp-content\/uploads\/2017\/05\/chambre-1-final.jpg","width":563,"height":354},{"@type":"WebPage","@id":"https:\/\/aubergeduvolcan.re\/?page_id=57#webpage","url":"https:\/\/aubergeduvolcan.re\/?page_id=57","name":"Chambres - Auberge du volcan","isPartOf":{"@id":"https:\/\/aubergeduvolcan.re\/#website"},"primaryImageOfPage":{"@id":"https:\/\/aubergeduvolcan.re\/?page_id=57#primaryimage"},"datePublished":"2017-05-31T18:32:48+00:00","dateModified":"2017-06-24T15:46:43+00:00","breadcrumb":{"@id":"https:\/\/aubergeduvolcan.re\/?page_id=57#breadcrumb"},"inLanguage":"fr-FR","potentialAction":[{"@type":"ReadAction","target":["https:\/\/aubergeduvolcan.re\/?page_id=57"]}]},{"@type":"BreadcrumbList","@id":"https:\/\/aubergeduvolcan.re\/?page_id=57#breadcrumb","itemListElement":[{"@type":"ListItem","position":1,"name":"Accueil","item":"https:\/\/aubergeduvolcan.re\/"},{"@type":"ListItem","position":2,"name":"Chambres"}]}]}},"_links":{"self":[{"href":"https:\/\/aubergeduvolcan.re\/index.php?rest_route=\/wp\/v2\/pages\/57"}],"collection":[{"href":"https:\/\/aubergeduvolcan.re\/index.php?rest_route=\/wp\/v2\/pages"}],"about":[{"href":"https:\/\/aubergeduvolcan.re\/index.php?rest_route=\/wp\/v2\/types\/page"}],"author":[{"embeddable":true,"href":"https:\/\/aubergeduvolcan.re\/index.php?rest_route=\/wp\/v2\/users\/1"}],"replies":[{"embeddable":true,"href":"https:\/\/aubergeduvolcan.re\/index.php?rest_route=%2Fwp%2Fv2%2Fcomments&post=57"}],"version-history":[{"count":7,"href":"https:\/\/aubergeduvolcan.re\/index.php?rest_route=\/wp\/v2\/pages\/57\/revisions"}],"predecessor-version":[{"id":130,"href":"https:\/\/aubergeduvolcan.re\/index.php?rest_route=\/wp\/v2\/pages\/57\/revisions\/130"}],"wp:featuredmedia":[{"embeddable":true,"href":"https:\/\/aubergeduvolcan.re\/index.php?rest_route=\/wp\/v2\/media\/105"}],"wp:attachment":[{"href":"https:\/\/aubergeduvolcan.re\/index.php?rest_route=%2Fwp%2Fv2%2Fmedia&parent=57"}],"curies":[{"name":"wp","href":"https:\/\/api.w.org\/{rel}","templated":true}]}}